{"id":43,"date":"2014-10-03T08:34:25","date_gmt":"2014-10-03T08:34:25","guid":{"rendered":"http:\/\/od24.phpegaz.pl\/?page_id=43"},"modified":"2018-02-21T10:29:44","modified_gmt":"2018-02-21T09:29:44","slug":"informacje-o-importerze-strona-glowna","status":"publish","type":"page","link":"http:\/\/od24.phpegaz.pl\/","title":{"rendered":"Informacje o importerze-strona g\u0142\u00f3wna."},"content":{"rendered":"<p><strong>UWAGA !!<\/strong><\/p>\n<p><strong>Nowa strona internetowa:\u00a0 <a href=\"http:\/\/WWW.PHPEGAZ.PL\" target=\"_blank\">WWW.PHPEGAZ.PL<\/a><\/strong><\/p>\n<p><span style=\"color: #000000;\">Witaj na stronie Textrade \u00a0bezpo\u015bredniego importera odzie\u017cy u\u017cywanej z Unii Europejskiej.<\/span><br \/>\n<span style=\"color: #000000;\"> Nasza specjalno\u015b\u0107 to\u00a0odzie\u017c u\u017cywana luksusowa typu cream. Jest to odzie\u017c kt\u00f3ra dzi\u0119ki swojej jako\u015bci, niepowtarzalno\u015bci, mark\u0105 konkuruje z now\u0105 odzie\u017c\u0105. W ofercie znajd\u0105 Pa\u0144stwo towary najlepiej\u00a0sprzedawane w sklepach, lecz ich ilo\u015bci s\u0105 ograniczone.\u00a0<\/span><\/p>\n<p><span style=\"color: #000000;\">Zaopatrujemy sklepy- butiki na terenie ca\u0142ej Polski, jest to mo\u017cliwe dzi\u0119ki systemowi wysy\u0142ek.<\/span><\/p>\n<p><span style=\"color: #000000;\">Nasza odzie\u017c u\u017cywana to towar najlepszy gatunkowo i najmodniejszy obfituj\u0105cy w znane marki, pakowany jest sezonowo i dostarczany z sortowni do hurtowni w cyklicznych dostawach z <strong>Anglii, Belgii, Holandii, Irlandii, Szwajcarii i W\u0142och<\/strong>.<\/span><\/p>\n<p><span style=\"color: #000000;\">Towar jest bardzo dobrej jako\u015bci nie zawsze jest na tyle ile by\u015bmy chcieli.<\/span><\/p>\n<p><span style=\"color: #000000;\">Jakie argumenty przemawiaj\u0105 za wsp\u00f3\u0142prac\u0105 z nasz\u0105 firm\u0105?<\/span><br \/>\n<span style=\"color: #000000;\"> Bo jeste\u015bmy specjalistami w tej bran\u017cy dzia\u0142amy w niej od roku 1997.<\/span><\/p>\n<p><span style=\"color: #000000;\">Kupuj\u0105c nasz towar\u00a0\u00a0nie kupujesz \u201ekota w worku\u201d, przed zakupem mo\u017cesz zajrze\u0107 do \u015brodka i przejrze\u0107 towar.<\/span><\/p>\n<p><strong><span style=\"color: #000000;\">Gwarantujemy \u017ce :<\/span><\/strong><\/p>\n<ul>\n<li><span style=\"color: #000000;\">Nie prowadzimy sprzeda\u017cy detalicznej z wieszaka,towar jest zapakowany!<\/span><\/li>\n<li><span style=\"color: #000000;\">Nie mamy swoich sklep\u00f3w !<\/span><\/li>\n<li><span style=\"color: #000000;\">Nie stanowimy konkurencji dla naszych klient\u00f3w !<\/span><\/li>\n<li><span style=\"color: #000000;\">Dajemy 100% gwarancji na jako\u015b\u0107 naszego towaru !<\/span><\/li>\n<\/ul>\n<p align=\"LEFT\"><span style=\"color: #000000;\">Na pytania\u00a0dotycz\u0105cych odzie\u017cy u\u017cywanej udziela nasz specjalista\u00a0Pani Anna Majewska.<\/span><\/p>\n<p align=\"LEFT\"><span style=\"color: #000000;\">od Pn do Pt w godz. 8:30-15:00<\/span><br \/>\n<span style=\"color: #000000;\"> pod numerem telefonu\u00a0<b>+48 \u00a0508 \u00a0215 \u00a0666<\/b><\/span><\/p>\n<p align=\"LEFT\"><a href=\"http:\/\/od24.phpegaz.pl\/wp-content\/uploads\/2014\/10\/ania.jpg\" target=\"_blank\"><img loading=\"lazy\" decoding=\"async\" data-attachment-id=\"216\" data-permalink=\"http:\/\/od24.phpegaz.pl\/?attachment_id=216\" data-orig-file=\"http:\/\/od24.phpegaz.pl\/wp-content\/uploads\/2014\/10\/ania.jpg\" data-orig-size=\"1500,900\" data-comments-opened=\"1\" data-image-meta=\"{&quot;aperture&quot;:&quot;3.5&quot;,&quot;credit&quot;:&quot;&quot;,&quot;camera&quot;:&quot;NEX-5&quot;,&quot;caption&quot;:&quot;&quot;,&quot;created_timestamp&quot;:&quot;1330037852&quot;,&quot;copyright&quot;:&quot;&quot;,&quot;focal_length&quot;:&quot;18&quot;,&quot;iso&quot;:&quot;800&quot;,&quot;shutter_speed&quot;:&quot;0.00625&quot;,&quot;title&quot;:&quot;SONY DSC&quot;,&quot;orientation&quot;:&quot;1&quot;}\" data-image-title=\"SONY DSC\" data-image-description=\"\" data-image-caption=\"\" data-medium-file=\"http:\/\/od24.phpegaz.pl\/wp-content\/uploads\/2014\/10\/ania-300x180.jpg\" data-large-file=\"http:\/\/od24.phpegaz.pl\/wp-content\/uploads\/2014\/10\/ania-1024x614.jpg\" class=\"alignnone size-medium wp-image-216\" src=\"http:\/\/od24.phpegaz.pl\/wp-content\/uploads\/2014\/10\/ania-300x180.jpg\" alt=\"SONY DSC\" width=\"300\" height=\"180\" srcset=\"http:\/\/od24.phpegaz.pl\/wp-content\/uploads\/2014\/10\/ania-300x180.jpg 300w, http:\/\/od24.phpegaz.pl\/wp-content\/uploads\/2014\/10\/ania-1024x614.jpg 1024w, http:\/\/od24.phpegaz.pl\/wp-content\/uploads\/2014\/10\/ania.jpg 1500w\" sizes=\"auto, (max-width: 300px) 100vw, 300px\" \/><\/a><\/p>\n<p align=\"LEFT\"><span style=\"color: #000000;\">Dzi\u0119ki kontaktom\u00a0i znajomo\u015bci bran\u017cy jeste\u015bmy w stanie zaoferowa\u0107 Pa\u0144stwu pomoc na najwy\u017cszym poziomie. Je\u015bli\u00a0nie znacie Pa\u0144stwo naszej firmy i nawi\u0105zujecie z nami pierwszy kontakt on-line, b\u0119dzie nam bardzo mi\u0142o! B\u0119dziemy wdzi\u0119czni za uwagi i pytania, na kt\u00f3re odpowiemy jak najszybciej.<\/span><\/p>\n<p align=\"LEFT\"><span style=\"color: #000000;\">Wszystkim osobom otwieraj\u0105cym sw\u00f3j pierwszy biznes, s\u0142u\u017cymy pomoc\u0105 i pomagamy w starcie przy otwarciu swojego wymarzonego butiku\u00a0z odzie\u017c\u0105 u\u017cywan\u0105.<\/span><\/p>\n<p align=\"LEFT\"><span style=\"color: #000000;\">Wsp\u00f3\u0142pracuj\u0105c z nami nie musisz si\u0119 martwi\u0107 \u017ce Ci si\u0119 nie uda, dzi\u0119ki naszej wiedzy zbudujesz stabilny sklep z pi\u0119knym towarem i rzesz\u0105 klient\u00f3w.<\/span><\/p>\n<p align=\"LEFT\"><span style=\"color: #000000;\">Dzi\u015b liczy si\u0119 tylko sklep z najlepszym towarem, ze \u015brednim i przeci\u0119tnym jest ich najwi\u0119cej.<\/span><\/p>\n<p align=\"LEFT\"><span style=\"color: #000000;\">Naszym klientom dzi\u0119kujemy za zaufanie kt\u00f3rym nas darzycie i \u017cyczymy du\u017co sukces\u00f3w zawodowych i w \u017cyciu prywatnym.<\/span><\/p>\n<p align=\"LEFT\"><span style=\"color: #000000;\">Nasze referencje:<\/span><\/p>\n<p style=\"text-align: center;\" align=\"LEFT\"><span style=\"color: #000000;\"><a style=\"color: #000000;\" href=\"http:\/\/od24.phpegaz.pl\/wp-content\/uploads\/2014\/10\/certyfikat.png\" target=\"_blank\"><img loading=\"lazy\" decoding=\"async\" class=\"aligncenter size-medium wp-image-45\" src=\"http:\/\/od24.phpegaz.pl\/wp-content\/uploads\/2014\/10\/certyfikat-211x300.png\" alt=\"certyfikat\" width=\"211\" height=\"300\" \/><\/a><\/span><\/p>\n<p><script>\/\/ <![CDATA[\n(function(i,s,o,g,r,a,m){i['GoogleAnalyticsObject']=r;i[r]=i[r]||function(){ (i[r].q=i[r].q||[]).push(arguments)},i[r].l=1*new Date();a=s.createElement(o), m=s.getElementsByTagName(o)[0];a.async=1;a.src=g;m.parentNode.insertBefore(a,m) })(window,document,'script','\/\/www.google-analytics.com\/analytics.js','ga'); ga('create', 'UA-114519966-1', 'auto'); ga('send', 'pageview');\n\/\/ ]]><\/script><\/p>\n","protected":false},"excerpt":{"rendered":"<p>UWAGA !! Nowa strona internetowa:\u00a0 WWW.PHPEGAZ.PL Witaj na stronie Textrade \u00a0bezpo\u015bredniego importera odzie\u017cy u\u017cywanej z Unii Europejskiej. Nasza specjalno\u015b\u0107 to\u00a0odzie\u017c u\u017cywana luksusowa typu cream. Jest to odzie\u017c kt\u00f3ra dzi\u0119ki swojej jako\u015bci, niepowtarzalno\u015bci, mark\u0105 konkuruje z now\u0105 odzie\u017c\u0105. W ofercie znajd\u0105 Pa\u0144stwo towary najlepiej\u00a0sprzedawane w sklepach, lecz ich ilo\u015bci s\u0105 ograniczone.\u00a0 Zaopatrujemy sklepy- butiki na terenie ca\u0142ej Polski, jest to mo\u017cliwe dzi\u0119ki systemowi wysy\u0142ek. Nasza odzie\u017c u\u017cywana to towar najlepszy gatunkowo i najmodniejszy obfituj\u0105cy w znane marki, pakowany jest sezonowo i dostarczany z sortowni do hurtowni w cyklicznych dostawach z Anglii, Belgii, Holandii, Irlandii, Szwajcarii i W\u0142och. Towar jest bardzo dobrej jako\u015bci nie zawsze jest na tyle ile by\u015bmy chcieli. Jakie [&hellip;]<\/p>\n","protected":false},"author":1,"featured_media":0,"parent":0,"menu_order":0,"comment_status":"open","ping_status":"open","template":"","meta":{"_exactmetrics_skip_tracking":false,"_exactmetrics_sitenote_active":false,"_exactmetrics_sitenote_note":"","_exactmetrics_sitenote_category":0,"jetpack_post_was_ever_published":false,"footnotes":""},"class_list":["post-43","page","type-page","status-publish","hentry"],"aioseo_notices":[],"jetpack_sharing_enabled":true,"jetpack_shortlink":"https:\/\/wp.me\/P5S9M7-H","jetpack_likes_enabled":true,"jetpack-related-posts":[{"id":61,"url":"http:\/\/od24.phpegaz.pl\/?page_id=61","url_meta":{"origin":43,"position":0},"title":"Jakie zyski mo\u017cna uzyska\u0107 ze sklepu?","author":"admin","date":"1 lutego, 2015","format":false,"excerpt":"[smartslider2 slider=\"1\"] Dobra lokalizacja sklepu to g\u0142\u00f3wny warunek sukcesu. Powodzenie w tym biznesie uzale\u017cnione jest od wielu czynnik\u00f3w, ale jednym z najwa\u017cniejszych jest lokal w dobrej lokalizacji. Nie sztuk\u0105 jest uruchomi\u0107 sklep z odzie\u017c\u0105 u\u017cywan\u0105 w miejscu gdzie nie b\u0119d\u0105 chodzi\u0107 ludzie, a zw\u0142aszcza kobiety i m\u0142odzie\u017c kt\u00f3rzy stanowi\u0105 wi\u0119kszo\u015b\u0107\u2026","rel":"","context":"Podobny wpis","block_context":{"text":"Podobny wpis","link":""},"img":{"alt_text":"","src":"","width":0,"height":0},"classes":[]},{"id":33,"url":"http:\/\/od24.phpegaz.pl\/?page_id=33","url_meta":{"origin":43,"position":1},"title":"Jakie zyski mo\u017cna osi\u0105gn\u0105\u0107 ze sklepu z odzie\u017c\u0105 u\u017cywan\u0105?","author":"admin","date":"26 wrze\u015bnia, 2014","format":false,"excerpt":"Dobra lokalizacja sklepu to g\u0142\u00f3wny warunek sukcesu. Powodzenie w tym biznesie uzale\u017cnione jest od wielu czynnik\u00f3w, ale jednym z najwa\u017cniejszych jest lokal w dobrej lokalizacji. Nie sztuk\u0105 jest uruchomi\u0107 sklep z odzie\u017c\u0105 u\u017cywan\u0105 w miejscu gdzie nie b\u0119d\u0105 chodzi\u0107 ludzie, a zw\u0142aszcza kobiety i m\u0142odzie\u017c kt\u00f3rzy stanowi\u0105 wi\u0119kszo\u015b\u0107 klient\u00f3w. Tak\u2026","rel":"","context":"Z 1 komentarzem","block_context":{"text":"Z 1 komentarzem","link":"http:\/\/od24.phpegaz.pl\/?page_id=33#comments"},"img":{"alt_text":"","src":"https:\/\/i0.wp.com\/od24.phpegaz.pl\/wp-content\/uploads\/2014\/10\/zyski.jpg?resize=350%2C200","width":350,"height":200},"classes":[]},{"id":14,"url":"http:\/\/od24.phpegaz.pl\/?page_id=14","url_meta":{"origin":43,"position":2},"title":"Cennik Textrade","author":"admin","date":"26 wrze\u015bnia, 2014","format":false,"excerpt":"Cennik hurtowy dla sklep\u00f3w ekskluzywnej odzie\u017cy u\u017cywanej\u00a0obowi\u0105zuj\u0105cy w roku 2016 : \u00a0 * Odzie\u017c u\u017cywana ze Szwajcarii typu Cream ( waga 30-40 kg) Pi\u0119kna odzie\u017c u\u017cywana z du\u017c\u0105 ilo\u015bci\u0105 nowej znanej odzie\u017cy markowej z podzia\u0142em na asortyment : - mix odzie\u017cy damskiej i m\u0142odzie\u017cowej - mix damski XXL ( odzie\u017c\u2026","rel":"","context":"Z 1 komentarzem","block_context":{"text":"Z 1 komentarzem","link":"http:\/\/od24.phpegaz.pl\/?page_id=14#comments"},"img":{"alt_text":"","src":"https:\/\/i0.wp.com\/od24.phpegaz.pl\/wp-content\/uploads\/2014\/10\/zyski.jpg?resize=350%2C200","width":350,"height":200},"classes":[]},{"id":24,"url":"http:\/\/od24.phpegaz.pl\/?page_id=24","url_meta":{"origin":43,"position":3},"title":"Cennik hurtowy dla sklep\u00f3w","author":"admin","date":"26 wrze\u015bnia, 2014","format":false,"excerpt":"Cennik hurtowy dla sklep\u00f3w ekskluzywnej odzie\u017cy u\u017cywanej\u00a0obowi\u0105zuj\u0105cy w 2015 roku: Odzie\u017c u\u017cywana ze Szwajcarii typu Cream ( waga 30-40 kg) Pi\u0119kna odzie\u017c u\u017cywana z du\u017c\u0105 ilo\u015bci\u0105 nowej znanej odzie\u017cy markowej z podzia\u0142em na asortyment : - mix odzie\u017cy damskiej i m\u0142odzie\u017cowej - mix damski XXL ( odzie\u017c damska du\u017ce rozmiary\u2026","rel":"","context":"Z 9 komentarzami","block_context":{"text":"Z 9 komentarzami","link":"http:\/\/od24.phpegaz.pl\/?page_id=24#comments"},"img":{"alt_text":"belgia","src":"https:\/\/i0.wp.com\/od24.phpegaz.pl\/wp-content\/uploads\/2014\/09\/belgia-150x150.jpg?resize=350%2C200","width":350,"height":200},"classes":[]},{"id":39,"url":"http:\/\/od24.phpegaz.pl\/?page_id=39","url_meta":{"origin":43,"position":4},"title":"Sort, czy niesort.","author":"admin","date":"26 wrze\u015bnia, 2014","format":false,"excerpt":"Odzie\u017c sortowana,czy niesortowana? Import odzie\u017cy u\u017cywanej podzielony jest na dwie kategorie: odzie\u017c sortowana lub odzie\u017c niesortowana. R\u00f3\u017cnice s\u0105 znaczne i do\u015b\u0107 istotne, poni\u017cej przedstawiamy zalety i wady ka\u017cdej opcji. 1. Odzie\u017c sortowana \u2013 sort Zalety: - sta\u0142a jako\u015b\u0107 towaru, bez odzie\u017cy brudnej czy uszkodzonej wszystko zdezynfekowane, - mo\u017cliwo\u015b\u0107 wyboru rodzaju\u2026","rel":"","context":"Podobny wpis","block_context":{"text":"Podobny wpis","link":""},"img":{"alt_text":"","src":"","width":0,"height":0},"classes":[]},{"id":30,"url":"http:\/\/od24.phpegaz.pl\/?page_id=30","url_meta":{"origin":43,"position":5},"title":"Zak\u0142adamy sklep, rejestracja, formy podatku, koszty.","author":"admin","date":"26 wrze\u015bnia, 2014","format":false,"excerpt":"Zak\u0142adamy sklep z luksusow\u0105 odzie\u017c\u0105 u\u017cywan\u0105 krok po kroku. Ka\u017cd\u0105 nowo otwieran\u0105 dzia\u0142alno\u015b\u0107 nale\u017cy przeanalizowa\u0107 i zrobi\u0107 biznes plan, policzy\u0107 koszty i wydatki oraz zyski kt\u00f3re ona nam przyniesie .Nale\u017cy post\u0119powa\u0107 racjonalnie i dok\u0142adnie przeanalizowa\u0107 swoje mo\u017cliwo\u015bci, nie kierowa\u0107 si\u0119 emocjami tylko matematyk\u0105. Na samym pocz\u0105tku musimy zrobi\u0107 kalkulacje na\u2026","rel":"","context":"Podobny wpis","block_context":{"text":"Podobny wpis","link":""},"img":{"alt_text":"","src":"","width":0,"height":0},"classes":[]}],"_links":{"self":[{"href":"http:\/\/od24.phpegaz.pl\/index.php?rest_route=\/wp\/v2\/pages\/43","targetHints":{"allow":["GET"]}}],"collection":[{"href":"http:\/\/od24.phpegaz.pl\/index.php?rest_route=\/wp\/v2\/pages"}],"about":[{"href":"http:\/\/od24.phpegaz.pl\/index.php?rest_route=\/wp\/v2\/types\/page"}],"author":[{"embeddable":true,"href":"http:\/\/od24.phpegaz.pl\/index.php?rest_route=\/wp\/v2\/users\/1"}],"replies":[{"embeddable":true,"href":"http:\/\/od24.phpegaz.pl\/index.php?rest_route=%2Fwp%2Fv2%2Fcomments&post=43"}],"version-history":[{"count":13,"href":"http:\/\/od24.phpegaz.pl\/index.php?rest_route=\/wp\/v2\/pages\/43\/revisions"}],"predecessor-version":[{"id":338,"href":"http:\/\/od24.phpegaz.pl\/index.php?rest_route=\/wp\/v2\/pages\/43\/revisions\/338"}],"wp:attachment":[{"href":"http:\/\/od24.phpegaz.pl\/index.php?rest_route=%2Fwp%2Fv2%2Fmedia&parent=43"}],"curies":[{"name":"wp","href":"https:\/\/api.w.org\/{rel}","templated":true}]}}