{"id":35,"date":"2014-09-26T11:22:35","date_gmt":"2014-09-26T11:22:35","guid":{"rendered":"http:\/\/od24.phpegaz.pl\/?page_id=35"},"modified":"2015-03-10T21:04:05","modified_gmt":"2015-03-10T21:04:05","slug":"dotacje-do-dzialalnosci-gospodarczej","status":"publish","type":"page","link":"http:\/\/od24.phpegaz.pl\/?page_id=35","title":{"rendered":"Dotacje do dzia\u0142alno\u015bci gospodarczej."},"content":{"rendered":"<p><span style=\"color: #000000;\">Dotacje z Urz\u0119du Pracy.<\/span><\/p>\n<p><span style=\"color: #000000;\">Osoby bezrobotne mog\u0105 ubiega\u0107 si\u0119 o bezzwrotne dotacje z Urz\u0119du Pracy na otwarcie dzia\u0142alno\u015bci gospodarczej. Dofinansowanie PUP realizowane jest ze \u015brodk\u00f3w Funduszu Pracy i stanowi obecnie najpopularniejsz\u0105 i najlepiej ocenian\u0105 przez ZOPR form\u0119 aktywnego przeciwdzia\u0142ania bezrobociu. Zalety tego rodzaju dotacji na rozpocz\u0119cie dzia\u0142alno\u015bci to:<\/span><br \/>\n<span style=\"color: #000000;\"> &#8211; Bezzwrotno\u015b\u0107 dofinansowania \u2013 czyli otrzymanej dotacji z PUP nie trzeba zwraca\u0107.<\/span><\/p>\n<p><span style=\"color: #000000;\">&#8211; Dotacja otrzymywana jest z g\u00f3ry \u2013 czyli dofinansowanie z Urz\u0119du pracy otrzymuje si\u0119 przed przyst\u0105pieniem do otwarcia firmy, a wi\u0119c nie trzeba najpierw przeprowadza\u0107 wydatk\u00f3w z w\u0142asnych \u017ar\u00f3de\u0142, jak ma to miejsce w przypadku wi\u0119kszo\u015bci dotacji unijnych.<\/span><\/p>\n<p><span style=\"color: #000000;\">&#8211; Procedura trwa kr\u00f3tko \u2013 dotacje z Urz\u0119du Pracy dla bezrobotnych mo\u017cna pozyska\u0107 szybko, por\u00f3wnuj\u0105c np. z wieloetapowymi projektami realizowanymi w ramach PO KL 6.2, gdzie pe\u0142na procedura pocz\u0105wszy od dnia z\u0142o\u017cenia dokument\u00f3w (wniosek, biznes plan), a\u017c do realnie otrzymanych pieni\u0119dzy zazwyczaj przekracza p\u00f3\u0142 roku. W przypadku dofinansowania PUP na otwarcie firmy ca\u0142kowita procedura zamyka si\u0119 zazwyczaj w 1,5 miesi\u0105ca.<\/span><\/p>\n<p><span style=\"color: #000000;\">Dotacja PO KL 6.2 na rozpocz\u0119cie dzia\u0142alno\u015bci<\/span><span style=\"color: #000000;\"><img loading=\"lazy\" decoding=\"async\" class=\"alignright\" src=\"http:\/\/www.biznesplany24.pl\/img\/dotacje-PUP.jpg\" alt=\"\" width=\"240\" height=\"160\" \/><\/span><\/p>\n<p><span style=\"color: #000000;\">W ramach programu Kapita\u0142 Ludzki realizowanego w z funduszy unijnych kt\u00f3re otrzymuje Polska w okresie: 2007 \u2013 2013 realizowana jest<\/span><span style=\"color: #000000;\"> pomoc dla os\u00f3b planuj\u0105cych rozpocz\u0105\u0107 dzia\u0142alno\u015b\u0107 gospodarcz\u0105 w postaci bezzwrotnych dotacji w kwocie 40 000,00 z\u0142. Tego rodzaju dofinansowanie nieco trudniej pozyska\u0107 ni\u017c dotacje PUP, a pe\u0142na procedura trwa \u015brednio oko\u0142o 8 miesi\u0119cy, kwota dofinansowania jest jednak przesz\u0142o dwukrotnie wy\u017csza ni\u017c w przypadku dotacji z Urz\u0119du Pracy i w wi\u0119kszo\u015bci wypadk\u00f3w aby z\u0142o\u017cy\u0107 wniosek nie trzeba by\u0107 osob\u0105 bezrobotn\u0105.<\/span><\/p>\n<p><span style=\"color: #000000;\">Kredyt inwestycyjny<\/span><br \/>\n<span style=\"color: #000000;\"> W oparciu o kredyt inwestycyjny mo\u017cemy nie tylko dokona\u0107 modernizacji w istniej\u0105cym przedsi\u0119biorstwie, lecz r\u00f3wnie\u017c pozyska\u0107 \u015brodki na otwarcie dzia\u0142alno\u015bci gospodarczej. Zaleta kredytu inwestycyjnego w odr\u00f3\u017cnieniu od zwyk\u0142ego limitu kredytowego, to fakt i\u017c firma nie jest zobligowana do szybkiego wykazania zysk\u00f3w. Bank w zale\u017cno\u015bci od z\u0142o\u017conej dokumentacji, tj. biznes planu przedstawiaj\u0105cego m.in. plan rozwoju firmy i spodziewane efekty finansowe mo\u017ce zaakceptowa\u0107 nawet wieloletni czas karencji dla danego przedsi\u0119biorcy. Biznes plan dla banku musi by\u0107 jednak wykonany w pe\u0142ni profesjonalnie, przez co rozumie si\u0119 przede wszystkim mocne osadzenie w realiach, gdzie strona ekonomiczna bazowa\u0107 b\u0119dzie na jednoznacznych i logicznych przes\u0142ankach.<\/span><\/p>\n<p><span style=\"color: #000000;\">Na otwarcie sklepu z odzie\u017c\u0105 u\u017cywan\u0105 o powierzchni 35 mkw wystarczy 15-20 ty\u015b z\u0142 , \u015brednio trzeba przeliczy\u0107 8 kg towaru\/ mkw.<\/span><br \/>\n<span style=\"color: #000000;\"> Sklep jest biznesem stabilniejszym ni\u017c us\u0142ugi takie jak np.solarium, kt\u00f3re kwitn\u0105 tylko sezonowo.<\/span><\/p>\n","protected":false},"excerpt":{"rendered":"<p>Dotacje z Urz\u0119du Pracy. Osoby bezrobotne mog\u0105 ubiega\u0107 si\u0119 o bezzwrotne dotacje z Urz\u0119du Pracy na otwarcie dzia\u0142alno\u015bci gospodarczej. Dofinansowanie PUP realizowane jest ze \u015brodk\u00f3w Funduszu Pracy i stanowi obecnie najpopularniejsz\u0105 i najlepiej ocenian\u0105 przez ZOPR form\u0119 aktywnego przeciwdzia\u0142ania bezrobociu. Zalety tego rodzaju dotacji na rozpocz\u0119cie dzia\u0142alno\u015bci to: &#8211; Bezzwrotno\u015b\u0107 dofinansowania \u2013 czyli otrzymanej dotacji z PUP nie trzeba zwraca\u0107. &#8211; Dotacja otrzymywana jest z g\u00f3ry \u2013 czyli dofinansowanie z Urz\u0119du pracy otrzymuje si\u0119 przed przyst\u0105pieniem do otwarcia firmy, a wi\u0119c nie trzeba najpierw przeprowadza\u0107 wydatk\u00f3w z w\u0142asnych \u017ar\u00f3de\u0142, jak ma to miejsce w przypadku wi\u0119kszo\u015bci dotacji unijnych. &#8211; Procedura trwa kr\u00f3tko \u2013 dotacje z Urz\u0119du Pracy dla bezrobotnych mo\u017cna [&hellip;]<\/p>\n","protected":false},"author":1,"featured_media":0,"parent":18,"menu_order":0,"comment_status":"open","ping_status":"open","template":"","meta":{"_exactmetrics_skip_tracking":false,"_exactmetrics_sitenote_active":false,"_exactmetrics_sitenote_note":"","_exactmetrics_sitenote_category":0,"jetpack_post_was_ever_published":false,"footnotes":""},"class_list":["post-35","page","type-page","status-publish","hentry"],"aioseo_notices":[],"jetpack_sharing_enabled":true,"jetpack_shortlink":"https:\/\/wp.me\/P5S9M7-z","jetpack_likes_enabled":true,"jetpack-related-posts":[{"id":30,"url":"http:\/\/od24.phpegaz.pl\/?page_id=30","url_meta":{"origin":35,"position":0},"title":"Zak\u0142adamy sklep, rejestracja, formy podatku, koszty.","author":"admin","date":"26 wrze\u015bnia, 2014","format":false,"excerpt":"Zak\u0142adamy sklep z luksusow\u0105 odzie\u017c\u0105 u\u017cywan\u0105 krok po kroku. Ka\u017cd\u0105 nowo otwieran\u0105 dzia\u0142alno\u015b\u0107 nale\u017cy przeanalizowa\u0107 i zrobi\u0107 biznes plan, policzy\u0107 koszty i wydatki oraz zyski kt\u00f3re ona nam przyniesie .Nale\u017cy post\u0119powa\u0107 racjonalnie i dok\u0142adnie przeanalizowa\u0107 swoje mo\u017cliwo\u015bci, nie kierowa\u0107 si\u0119 emocjami tylko matematyk\u0105. Na samym pocz\u0105tku musimy zrobi\u0107 kalkulacje na\u2026","rel":"","context":"Podobny wpis","block_context":{"text":"Podobny wpis","link":""},"img":{"alt_text":"","src":"","width":0,"height":0},"classes":[]},{"id":39,"url":"http:\/\/od24.phpegaz.pl\/?page_id=39","url_meta":{"origin":35,"position":1},"title":"Sort, czy niesort.","author":"admin","date":"26 wrze\u015bnia, 2014","format":false,"excerpt":"Odzie\u017c sortowana,czy niesortowana? Import odzie\u017cy u\u017cywanej podzielony jest na dwie kategorie: odzie\u017c sortowana lub odzie\u017c niesortowana. R\u00f3\u017cnice s\u0105 znaczne i do\u015b\u0107 istotne, poni\u017cej przedstawiamy zalety i wady ka\u017cdej opcji. 1. Odzie\u017c sortowana \u2013 sort Zalety: - sta\u0142a jako\u015b\u0107 towaru, bez odzie\u017cy brudnej czy uszkodzonej wszystko zdezynfekowane, - mo\u017cliwo\u015b\u0107 wyboru rodzaju\u2026","rel":"","context":"Podobny wpis","block_context":{"text":"Podobny wpis","link":""},"img":{"alt_text":"","src":"","width":0,"height":0},"classes":[]},{"id":61,"url":"http:\/\/od24.phpegaz.pl\/?page_id=61","url_meta":{"origin":35,"position":2},"title":"Jakie zyski mo\u017cna uzyska\u0107 ze sklepu?","author":"admin","date":"1 lutego, 2015","format":false,"excerpt":"[smartslider2 slider=\"1\"] Dobra lokalizacja sklepu to g\u0142\u00f3wny warunek sukcesu. Powodzenie w tym biznesie uzale\u017cnione jest od wielu czynnik\u00f3w, ale jednym z najwa\u017cniejszych jest lokal w dobrej lokalizacji. Nie sztuk\u0105 jest uruchomi\u0107 sklep z odzie\u017c\u0105 u\u017cywan\u0105 w miejscu gdzie nie b\u0119d\u0105 chodzi\u0107 ludzie, a zw\u0142aszcza kobiety i m\u0142odzie\u017c kt\u00f3rzy stanowi\u0105 wi\u0119kszo\u015b\u0107\u2026","rel":"","context":"Podobny wpis","block_context":{"text":"Podobny wpis","link":""},"img":{"alt_text":"","src":"","width":0,"height":0},"classes":[]},{"id":33,"url":"http:\/\/od24.phpegaz.pl\/?page_id=33","url_meta":{"origin":35,"position":3},"title":"Jakie zyski mo\u017cna osi\u0105gn\u0105\u0107 ze sklepu z odzie\u017c\u0105 u\u017cywan\u0105?","author":"admin","date":"26 wrze\u015bnia, 2014","format":false,"excerpt":"Dobra lokalizacja sklepu to g\u0142\u00f3wny warunek sukcesu. Powodzenie w tym biznesie uzale\u017cnione jest od wielu czynnik\u00f3w, ale jednym z najwa\u017cniejszych jest lokal w dobrej lokalizacji. Nie sztuk\u0105 jest uruchomi\u0107 sklep z odzie\u017c\u0105 u\u017cywan\u0105 w miejscu gdzie nie b\u0119d\u0105 chodzi\u0107 ludzie, a zw\u0142aszcza kobiety i m\u0142odzie\u017c kt\u00f3rzy stanowi\u0105 wi\u0119kszo\u015b\u0107 klient\u00f3w. Tak\u2026","rel":"","context":"Z 1 komentarzem","block_context":{"text":"Z 1 komentarzem","link":"http:\/\/od24.phpegaz.pl\/?page_id=33#comments"},"img":{"alt_text":"","src":"https:\/\/i0.wp.com\/od24.phpegaz.pl\/wp-content\/uploads\/2014\/10\/zyski.jpg?resize=350%2C200","width":350,"height":200},"classes":[]},{"id":43,"url":"http:\/\/od24.phpegaz.pl\/","url_meta":{"origin":35,"position":4},"title":"Informacje o importerze-strona g\u0142\u00f3wna.","author":"admin","date":"3 pa\u017adziernika, 2014","format":false,"excerpt":"UWAGA !! Nowa strona internetowa:\u00a0 WWW.PHPEGAZ.PL Witaj na stronie Textrade \u00a0bezpo\u015bredniego importera odzie\u017cy u\u017cywanej z Unii Europejskiej. Nasza specjalno\u015b\u0107 to\u00a0odzie\u017c u\u017cywana luksusowa typu cream. Jest to odzie\u017c kt\u00f3ra dzi\u0119ki swojej jako\u015bci, niepowtarzalno\u015bci, mark\u0105 konkuruje z now\u0105 odzie\u017c\u0105. W ofercie znajd\u0105 Pa\u0144stwo towary najlepiej\u00a0sprzedawane w sklepach, lecz ich ilo\u015bci s\u0105 ograniczone.\u00a0\u2026","rel":"","context":"Z 9 komentarzami","block_context":{"text":"Z 9 komentarzami","link":"http:\/\/od24.phpegaz.pl\/#comments"},"img":{"alt_text":"SONY DSC","src":"https:\/\/i0.wp.com\/od24.phpegaz.pl\/wp-content\/uploads\/2014\/10\/ania-300x180.jpg?resize=350%2C200","width":350,"height":200},"classes":[]},{"id":41,"url":"http:\/\/od24.phpegaz.pl\/?page_id=41","url_meta":{"origin":35,"position":5},"title":"System sprzeda\u017cy.","author":"admin","date":"26 wrze\u015bnia, 2014","format":false,"excerpt":"System sprzeda\u017cy. Prowadz\u0105c sklep musimy przyj\u0105\u0107 jedn\u0105, sp\u00f3jn\u0105 zasad\u0119 dotycz\u0105c\u0105 dostaw i wyprzeda\u017cy. Nie mo\u017ce by\u0107 tak, \u017ce organizujemy dostawy kiedy nam si\u0119 podoba, gdy\u017c klienci b\u0119d\u0105 zdezorientowani. Sta\u0142ych klient\u00f3w mo\u017cemy podzieli\u0107 na tych co odwiedzaj\u0105 sklep podczas nowych dostaw, tych co zagl\u0105daj\u0105 jak s\u0105 wyprzeda\u017ce i tych co ci\u0105gle\u2026","rel":"","context":"Z 1 komentarzem","block_context":{"text":"Z 1 komentarzem","link":"http:\/\/od24.phpegaz.pl\/?page_id=41#comments"},"img":{"alt_text":"","src":"","width":0,"height":0},"classes":[]}],"_links":{"self":[{"href":"http:\/\/od24.phpegaz.pl\/index.php?rest_route=\/wp\/v2\/pages\/35","targetHints":{"allow":["GET"]}}],"collection":[{"href":"http:\/\/od24.phpegaz.pl\/index.php?rest_route=\/wp\/v2\/pages"}],"about":[{"href":"http:\/\/od24.phpegaz.pl\/index.php?rest_route=\/wp\/v2\/types\/page"}],"author":[{"embeddable":true,"href":"http:\/\/od24.phpegaz.pl\/index.php?rest_route=\/wp\/v2\/users\/1"}],"replies":[{"embeddable":true,"href":"http:\/\/od24.phpegaz.pl\/index.php?rest_route=%2Fwp%2Fv2%2Fcomments&post=35"}],"version-history":[{"count":3,"href":"http:\/\/od24.phpegaz.pl\/index.php?rest_route=\/wp\/v2\/pages\/35\/revisions"}],"predecessor-version":[{"id":38,"href":"http:\/\/od24.phpegaz.pl\/index.php?rest_route=\/wp\/v2\/pages\/35\/revisions\/38"}],"up":[{"embeddable":true,"href":"http:\/\/od24.phpegaz.pl\/index.php?rest_route=\/wp\/v2\/pages\/18"}],"wp:attachment":[{"href":"http:\/\/od24.phpegaz.pl\/index.php?rest_route=%2Fwp%2Fv2%2Fmedia&parent=35"}],"curies":[{"name":"wp","href":"https:\/\/api.w.org\/{rel}","templated":true}]}}