{"id":16,"date":"2014-09-26T10:51:09","date_gmt":"2014-09-26T10:51:09","guid":{"rendered":"http:\/\/od24.phpegaz.pl\/?page_id=16"},"modified":"2016-12-11T19:43:29","modified_gmt":"2016-12-11T19:43:29","slug":"wysylka-towaru-kurierem","status":"publish","type":"page","link":"http:\/\/od24.phpegaz.pl\/?page_id=16","title":{"rendered":"Wysy\u0142ka towaru kurierem"},"content":{"rendered":"<p><strong><span style=\"color: #993366;\">DO KO\u0143CA KWIETNIA 2015 ZAKUPIONY TOWAR WYSY\u0141AMY BEZP\u0141ATNIE.<\/span><\/strong><\/p>\n<p><span style=\"color: #000000;\">Wysy\u0142ki realizujemy wed\u0142ug nast\u0119puj\u0105cej procedury:<\/span><\/p>\n<p><span style=\"color: #000000;\">1. Zadzwo\u0144 na nr. 508-215-666 i wybierz pozycj\u0119 odzie\u017cy u\u017cywanej do wysy\u0142ki .<\/span><\/p>\n<p><span style=\"color: #000000;\">2. Po uzyskaniu informacji odno\u015bnie wagi zam\u00f3wionego towaru i kwoty do zap\u0142aty przelej podan\u0105 kwot\u0119 na konto.<br \/>\n<\/span><\/p>\n<p><span style=\"color: #000000;\">3. Po zaksi\u0119gowaniu wp\u0142aty na rachunku realizujemy wysy\u0142k\u0119 towaru .<\/span><\/p>\n<p><span style=\"color: #000000;\">Wysy\u0142ki s\u0105 realizowane i dostarczane do klienta w ci\u0105gu 24 godzin od momentu gdy pieni\u0105dze pojawi\u0105 si\u0119 na rachunku do godziny 11:00.<\/span><\/p>\n<p><span style=\"color: #000000;\">Za wszelkie op\u00f3\u017anienia zwi\u0105zane z dostarczeniem towaru odpowiada firma kurierska Fed-Ex.<\/span><\/p>\n<p><span style=\"color: #000000;\">Z uwagi na specyfik\u0119 bran\u017cy i niepowtarzalno\u015b\u0107 ka\u017cdej rzeczy nale\u017c\u0105cej do opakowania zbiorczego zwanego workiem z odzie\u017c\u0105 u\u017cywan\u0105 sprzedawanego na kg, nie ma mo\u017cliwo\u015bci opisu przedmiotu sprzeda\u017cy. Dlatego te\u017c towar nie podlega reklamacji, zwrotowi lub wymianie z tytu\u0142u niezgodno\u015bci towaru z opisem, a zdj\u0119cia w galerii s\u0105 pogl\u0105dowe.<\/span><\/p>\n<p><span style=\"color: #000000;\">Przy odbiorze towaru od kuriera prosz\u0119 zwr\u00f3ci\u0107 szczeg\u00f3lnie uwag\u0119 czy opakowanie nie jest uszkodzone. Je\u015bli worek jest naruszony, brudny, mokry b\u0105d\u017a nosi inne \u015blady kt\u00f3re mog\u0105 \u015bwiadczy\u0107 o uszkodzeniu przesy\u0142ki, odbiorca powinien za\u017c\u0105da\u0107 od kuriera spisania protoko\u0142u na t\u0119 okoliczno\u015b\u0107. Tylko protok\u00f3\u0142 jest warunkiem reklamacji w firmie wysy\u0142kowej.Wszystkie wysy\u0142ki s\u0105 ubezpieczone.<\/span><\/p>\n<p><strong><span style=\"color: #000000;\">Wysy\u0142amy towar za pobraniem tylko dla klient\u00f3w naszej hurtowni.<\/span><\/strong><\/p>\n<p><a href=\"http:\/\/od24.phpegaz.pl\/wp-content\/uploads\/2014\/09\/kurier-300x55.gif\"><img loading=\"lazy\" decoding=\"async\" class=\"alignnone wp-image-98\" src=\"http:\/\/od24.phpegaz.pl\/wp-content\/uploads\/2014\/09\/kurier-300x55.gif\" alt=\"kurier-300x55\" width=\"321\" height=\"59\" \/><\/a><\/p>\n","protected":false},"excerpt":{"rendered":"<p>DO KO\u0143CA KWIETNIA 2015 ZAKUPIONY TOWAR WYSY\u0141AMY BEZP\u0141ATNIE. Wysy\u0142ki realizujemy wed\u0142ug nast\u0119puj\u0105cej procedury: 1. Zadzwo\u0144 na nr. 508-215-666 i wybierz pozycj\u0119 odzie\u017cy u\u017cywanej do wysy\u0142ki . 2. Po uzyskaniu informacji odno\u015bnie wagi zam\u00f3wionego towaru i kwoty do zap\u0142aty przelej podan\u0105 kwot\u0119 na konto. 3. Po zaksi\u0119gowaniu wp\u0142aty na rachunku realizujemy wysy\u0142k\u0119 towaru . Wysy\u0142ki s\u0105 realizowane i dostarczane do klienta w ci\u0105gu 24 godzin od momentu gdy pieni\u0105dze pojawi\u0105 si\u0119 na rachunku do godziny 11:00. Za wszelkie op\u00f3\u017anienia zwi\u0105zane z dostarczeniem towaru odpowiada firma kurierska Fed-Ex. Z uwagi na specyfik\u0119 bran\u017cy i niepowtarzalno\u015b\u0107 ka\u017cdej rzeczy nale\u017c\u0105cej do opakowania zbiorczego zwanego workiem z odzie\u017c\u0105 u\u017cywan\u0105 sprzedawanego na kg, nie ma mo\u017cliwo\u015bci [&hellip;]<\/p>\n","protected":false},"author":1,"featured_media":0,"parent":0,"menu_order":0,"comment_status":"open","ping_status":"open","template":"","meta":{"_exactmetrics_skip_tracking":false,"_exactmetrics_sitenote_active":false,"_exactmetrics_sitenote_note":"","_exactmetrics_sitenote_category":0,"jetpack_post_was_ever_published":false,"footnotes":""},"class_list":["post-16","page","type-page","status-publish","hentry"],"aioseo_notices":[],"jetpack_sharing_enabled":true,"jetpack_shortlink":"https:\/\/wp.me\/P5S9M7-g","jetpack_likes_enabled":true,"jetpack-related-posts":[{"id":39,"url":"http:\/\/od24.phpegaz.pl\/?page_id=39","url_meta":{"origin":16,"position":0},"title":"Sort, czy niesort.","author":"admin","date":"26 wrze\u015bnia, 2014","format":false,"excerpt":"Odzie\u017c sortowana,czy niesortowana? Import odzie\u017cy u\u017cywanej podzielony jest na dwie kategorie: odzie\u017c sortowana lub odzie\u017c niesortowana. R\u00f3\u017cnice s\u0105 znaczne i do\u015b\u0107 istotne, poni\u017cej przedstawiamy zalety i wady ka\u017cdej opcji. 1. Odzie\u017c sortowana \u2013 sort Zalety: - sta\u0142a jako\u015b\u0107 towaru, bez odzie\u017cy brudnej czy uszkodzonej wszystko zdezynfekowane, - mo\u017cliwo\u015b\u0107 wyboru rodzaju\u2026","rel":"","context":"Podobny wpis","block_context":{"text":"Podobny wpis","link":""},"img":{"alt_text":"","src":"","width":0,"height":0},"classes":[]},{"id":30,"url":"http:\/\/od24.phpegaz.pl\/?page_id=30","url_meta":{"origin":16,"position":1},"title":"Zak\u0142adamy sklep, rejestracja, formy podatku, koszty.","author":"admin","date":"26 wrze\u015bnia, 2014","format":false,"excerpt":"Zak\u0142adamy sklep z luksusow\u0105 odzie\u017c\u0105 u\u017cywan\u0105 krok po kroku. Ka\u017cd\u0105 nowo otwieran\u0105 dzia\u0142alno\u015b\u0107 nale\u017cy przeanalizowa\u0107 i zrobi\u0107 biznes plan, policzy\u0107 koszty i wydatki oraz zyski kt\u00f3re ona nam przyniesie .Nale\u017cy post\u0119powa\u0107 racjonalnie i dok\u0142adnie przeanalizowa\u0107 swoje mo\u017cliwo\u015bci, nie kierowa\u0107 si\u0119 emocjami tylko matematyk\u0105. Na samym pocz\u0105tku musimy zrobi\u0107 kalkulacje na\u2026","rel":"","context":"Podobny wpis","block_context":{"text":"Podobny wpis","link":""},"img":{"alt_text":"","src":"","width":0,"height":0},"classes":[]},{"id":41,"url":"http:\/\/od24.phpegaz.pl\/?page_id=41","url_meta":{"origin":16,"position":2},"title":"System sprzeda\u017cy.","author":"admin","date":"26 wrze\u015bnia, 2014","format":false,"excerpt":"System sprzeda\u017cy. Prowadz\u0105c sklep musimy przyj\u0105\u0107 jedn\u0105, sp\u00f3jn\u0105 zasad\u0119 dotycz\u0105c\u0105 dostaw i wyprzeda\u017cy. Nie mo\u017ce by\u0107 tak, \u017ce organizujemy dostawy kiedy nam si\u0119 podoba, gdy\u017c klienci b\u0119d\u0105 zdezorientowani. Sta\u0142ych klient\u00f3w mo\u017cemy podzieli\u0107 na tych co odwiedzaj\u0105 sklep podczas nowych dostaw, tych co zagl\u0105daj\u0105 jak s\u0105 wyprzeda\u017ce i tych co ci\u0105gle\u2026","rel":"","context":"Z 1 komentarzem","block_context":{"text":"Z 1 komentarzem","link":"http:\/\/od24.phpegaz.pl\/?page_id=41#comments"},"img":{"alt_text":"","src":"","width":0,"height":0},"classes":[]},{"id":35,"url":"http:\/\/od24.phpegaz.pl\/?page_id=35","url_meta":{"origin":16,"position":3},"title":"Dotacje do dzia\u0142alno\u015bci gospodarczej.","author":"admin","date":"26 wrze\u015bnia, 2014","format":false,"excerpt":"Dotacje z Urz\u0119du Pracy. Osoby bezrobotne mog\u0105 ubiega\u0107 si\u0119 o bezzwrotne dotacje z Urz\u0119du Pracy na otwarcie dzia\u0142alno\u015bci gospodarczej. Dofinansowanie PUP realizowane jest ze \u015brodk\u00f3w Funduszu Pracy i stanowi obecnie najpopularniejsz\u0105 i najlepiej ocenian\u0105 przez ZOPR form\u0119 aktywnego przeciwdzia\u0142ania bezrobociu. Zalety tego rodzaju dotacji na rozpocz\u0119cie dzia\u0142alno\u015bci to: - Bezzwrotno\u015b\u0107\u2026","rel":"","context":"Z 1 komentarzem","block_context":{"text":"Z 1 komentarzem","link":"http:\/\/od24.phpegaz.pl\/?page_id=35#comments"},"img":{"alt_text":"","src":"https:\/\/i0.wp.com\/www.biznesplany24.pl\/img\/dotacje-PUP.jpg?resize=350%2C200","width":350,"height":200},"classes":[]},{"id":43,"url":"http:\/\/od24.phpegaz.pl\/","url_meta":{"origin":16,"position":4},"title":"Informacje o importerze-strona g\u0142\u00f3wna.","author":"admin","date":"3 pa\u017adziernika, 2014","format":false,"excerpt":"UWAGA !! Nowa strona internetowa:\u00a0 WWW.PHPEGAZ.PL Witaj na stronie Textrade \u00a0bezpo\u015bredniego importera odzie\u017cy u\u017cywanej z Unii Europejskiej. Nasza specjalno\u015b\u0107 to\u00a0odzie\u017c u\u017cywana luksusowa typu cream. Jest to odzie\u017c kt\u00f3ra dzi\u0119ki swojej jako\u015bci, niepowtarzalno\u015bci, mark\u0105 konkuruje z now\u0105 odzie\u017c\u0105. W ofercie znajd\u0105 Pa\u0144stwo towary najlepiej\u00a0sprzedawane w sklepach, lecz ich ilo\u015bci s\u0105 ograniczone.\u00a0\u2026","rel":"","context":"Z 9 komentarzami","block_context":{"text":"Z 9 komentarzami","link":"http:\/\/od24.phpegaz.pl\/#comments"},"img":{"alt_text":"SONY DSC","src":"https:\/\/i0.wp.com\/od24.phpegaz.pl\/wp-content\/uploads\/2014\/10\/ania-300x180.jpg?resize=350%2C200","width":350,"height":200},"classes":[]},{"id":61,"url":"http:\/\/od24.phpegaz.pl\/?page_id=61","url_meta":{"origin":16,"position":5},"title":"Jakie zyski mo\u017cna uzyska\u0107 ze sklepu?","author":"admin","date":"1 lutego, 2015","format":false,"excerpt":"[smartslider2 slider=\"1\"] Dobra lokalizacja sklepu to g\u0142\u00f3wny warunek sukcesu. Powodzenie w tym biznesie uzale\u017cnione jest od wielu czynnik\u00f3w, ale jednym z najwa\u017cniejszych jest lokal w dobrej lokalizacji. Nie sztuk\u0105 jest uruchomi\u0107 sklep z odzie\u017c\u0105 u\u017cywan\u0105 w miejscu gdzie nie b\u0119d\u0105 chodzi\u0107 ludzie, a zw\u0142aszcza kobiety i m\u0142odzie\u017c kt\u00f3rzy stanowi\u0105 wi\u0119kszo\u015b\u0107\u2026","rel":"","context":"Podobny wpis","block_context":{"text":"Podobny wpis","link":""},"img":{"alt_text":"","src":"","width":0,"height":0},"classes":[]}],"_links":{"self":[{"href":"http:\/\/od24.phpegaz.pl\/index.php?rest_route=\/wp\/v2\/pages\/16","targetHints":{"allow":["GET"]}}],"collection":[{"href":"http:\/\/od24.phpegaz.pl\/index.php?rest_route=\/wp\/v2\/pages"}],"about":[{"href":"http:\/\/od24.phpegaz.pl\/index.php?rest_route=\/wp\/v2\/types\/page"}],"author":[{"embeddable":true,"href":"http:\/\/od24.phpegaz.pl\/index.php?rest_route=\/wp\/v2\/users\/1"}],"replies":[{"embeddable":true,"href":"http:\/\/od24.phpegaz.pl\/index.php?rest_route=%2Fwp%2Fv2%2Fcomments&post=16"}],"version-history":[{"count":6,"href":"http:\/\/od24.phpegaz.pl\/index.php?rest_route=\/wp\/v2\/pages\/16\/revisions"}],"predecessor-version":[{"id":311,"href":"http:\/\/od24.phpegaz.pl\/index.php?rest_route=\/wp\/v2\/pages\/16\/revisions\/311"}],"wp:attachment":[{"href":"http:\/\/od24.phpegaz.pl\/index.php?rest_route=%2Fwp%2Fv2%2Fmedia&parent=16"}],"curies":[{"name":"wp","href":"https:\/\/api.w.org\/{rel}","templated":true}]}}