{"id":14,"date":"2014-09-26T10:50:51","date_gmt":"2014-09-26T10:50:51","guid":{"rendered":"http:\/\/od24.phpegaz.pl\/?page_id=14"},"modified":"2016-12-11T18:30:59","modified_gmt":"2016-12-11T18:30:59","slug":"cennik-texttrade","status":"publish","type":"page","link":"http:\/\/od24.phpegaz.pl\/?page_id=14","title":{"rendered":"Cennik Textrade"},"content":{"rendered":"<h3><span style=\"color: #000000;\"><span style=\"font-family: Tahoma, Helvetica, Arial, sans-serif;\"><span style=\"font-size: large;\"><b>Cennik hurtowy dla sklep\u00f3w ekskluzywnej odzie\u017cy u\u017cywanej\u00a0<\/b><\/span><\/span><b>obowi\u0105zuj\u0105cy w roku 2016 :<\/b><\/span><\/h3>\n<p>&nbsp;<\/p>\n<h4><span style=\"color: #000000;\"><span style=\"font-family: Tahoma, Helvetica, Arial, sans-serif;\"><b>* Odzie\u017c u\u017cywana ze Szwajcarii typu Cream ( waga 30-40 kg)<\/b><\/span><\/span><\/h4>\n<p><span style=\"color: #000000;\"><span style=\"font-family: Tahoma, Helvetica, Arial, sans-serif;\">Pi\u0119kna odzie\u017c u\u017cywana z du\u017c\u0105 ilo\u015bci\u0105 nowej znanej odzie\u017cy markowej z podzia\u0142em na asortyment :<\/span><\/span><\/p>\n<p><span style=\"color: #000000;\"><span style=\"font-family: Tahoma, Helvetica, Arial, sans-serif;\">&#8211; mix odzie\u017cy damskiej i m\u0142odzie\u017cowej<\/span><\/span><\/p>\n<p><span style=\"color: #000000;\"><span style=\"font-family: Tahoma, Helvetica, Arial, sans-serif;\">&#8211; mix damski XXL ( odzie\u017c damska du\u017ce rozmiary od 44 w g\u00f3r\u0119)<a href=\"http:\/\/od24.phpegaz.pl\/wp-content\/uploads\/2014\/09\/belgia.jpg\"><img loading=\"lazy\" decoding=\"async\" data-attachment-id=\"145\" data-permalink=\"http:\/\/od24.phpegaz.pl\/?attachment_id=145\" data-orig-file=\"http:\/\/od24.phpegaz.pl\/wp-content\/uploads\/2014\/09\/belgia.jpg\" data-orig-size=\"295,354\" data-comments-opened=\"1\" data-image-meta=\"{&quot;aperture&quot;:&quot;0&quot;,&quot;credit&quot;:&quot;&quot;,&quot;camera&quot;:&quot;&quot;,&quot;caption&quot;:&quot;&quot;,&quot;created_timestamp&quot;:&quot;0&quot;,&quot;copyright&quot;:&quot;&quot;,&quot;focal_length&quot;:&quot;0&quot;,&quot;iso&quot;:&quot;0&quot;,&quot;shutter_speed&quot;:&quot;0&quot;,&quot;title&quot;:&quot;&quot;,&quot;orientation&quot;:&quot;1&quot;}\" data-image-title=\"belgia\" data-image-description=\"\" data-image-caption=\"\" data-medium-file=\"http:\/\/od24.phpegaz.pl\/wp-content\/uploads\/2014\/09\/belgia-250x300.jpg\" data-large-file=\"http:\/\/od24.phpegaz.pl\/wp-content\/uploads\/2014\/09\/belgia.jpg\" class=\"alignright wp-image-145 size-thumbnail\" src=\"http:\/\/od24.phpegaz.pl\/wp-content\/uploads\/2014\/09\/belgia-150x150.jpg\" alt=\"belgia\" width=\"150\" height=\"150\" \/><\/a><\/span><\/span><\/p>\n<p><span style=\"color: #000000;\"><span style=\"font-family: Tahoma, Helvetica, Arial, sans-serif;\">&#8211; mix m\u0119ski<\/span><\/span><\/p>\n<p><span style=\"color: #000000;\"><span style=\"font-family: Tahoma, Helvetica, Arial, sans-serif;\">&#8211; mix dzieci\u0119cy<\/span><\/span><\/p>\n<p><span style=\"color: #000000;\"><span style=\"font-family: Tahoma, Helvetica, Arial, sans-serif;\">&#8211; mix sport<\/span><\/span><\/p>\n<p>&nbsp;<\/p>\n<h4><span style=\"color: #000000;\"><span style=\"font-family: Tahoma, Helvetica, Arial, sans-serif;\"><b>* Odzie\u017c u\u017cywana z Belgii \u201d big bag\u201d( worek jutowy 60- 120 KG)<\/b><\/span><\/span><\/h4>\n<p><span style=\"color: #000000;\"><span style=\"font-family: Tahoma, Helvetica, Arial, sans-serif;\">Mix Cream \u00a0odzie\u017cy u\u017cywanej z Belgii w podziale na lato, przej\u015bci\u00f3wk\u0119 i zim\u0119.<a href=\"http:\/\/od24.phpegaz.pl\/wp-content\/uploads\/2014\/05\/balot.jpg\" rel=\"lightbox\"><img loading=\"lazy\" decoding=\"async\" data-attachment-id=\"144\" data-permalink=\"http:\/\/od24.phpegaz.pl\/?attachment_id=144\" data-orig-file=\"http:\/\/od24.phpegaz.pl\/wp-content\/uploads\/2014\/09\/balot.jpg\" data-orig-size=\"142,170\" data-comments-opened=\"1\" data-image-meta=\"{&quot;aperture&quot;:&quot;0&quot;,&quot;credit&quot;:&quot;&quot;,&quot;camera&quot;:&quot;&quot;,&quot;caption&quot;:&quot;&quot;,&quot;created_timestamp&quot;:&quot;0&quot;,&quot;copyright&quot;:&quot;&quot;,&quot;focal_length&quot;:&quot;0&quot;,&quot;iso&quot;:&quot;0&quot;,&quot;shutter_speed&quot;:&quot;0&quot;,&quot;title&quot;:&quot;&quot;,&quot;orientation&quot;:&quot;1&quot;}\" data-image-title=\"big bag\" data-image-description=\"\" data-image-caption=\"\" data-medium-file=\"http:\/\/od24.phpegaz.pl\/wp-content\/uploads\/2014\/09\/balot.jpg\" data-large-file=\"http:\/\/od24.phpegaz.pl\/wp-content\/uploads\/2014\/09\/balot.jpg\" class=\"alignright wp-image-144 size-full\" src=\"http:\/\/od24.phpegaz.pl\/wp-content\/uploads\/2014\/09\/balot.jpg\" alt=\"big bag\" width=\"142\" height=\"170\" \/><\/a><\/span><\/span><\/p>\n<p><span style=\"color: #000000;\"><span style=\"font-family: Tahoma, Helvetica, Arial, sans-serif;\">(damska 40%, m\u0142odzie\u017cowa 35%, dzieci\u0119ca 5 % , sportowa 10%, m\u0119ska 5%, dodatki 5%)<\/span><\/span><\/p>\n<p><span style=\"color: #000000;\"><span style=\"font-family: Tahoma, Helvetica, Arial, sans-serif;\">Towar jest pi\u0119knie u\u0142o\u017cony, wyprasowany \u2013 prosto na wieszak.<\/span><\/span><\/p>\n<p><span style=\"color: #000000;\"><span style=\"font-family: Tahoma, Helvetica, Arial, sans-serif;\">Cieszy si\u0119 najwi\u0119kszym powodzeniem ze wzgl\u0119du na wysok\u0105 jako\u015b\u0107 w stosunku do niskiej ceny.<\/span><\/span><\/p>\n<p><span style=\"color: #000000;\"><span style=\"font-family: Tahoma, Helvetica, Arial, sans-serif;\"><b>\u00a0<\/b><\/span><\/span><\/p>\n<h4><strong>* Odzie\u017c u\u017cywana z Anglii-Cream-Ledies &amp; Teens \u2013 ( worki foliowe, waga 25kg)<\/strong><\/h4>\n<p align=\"JUSTIFY\"><span style=\"color: #000000;\"><span style=\"font-family: Tahoma, Helvetica, Arial, sans-serif;\">(Mix-Cream odzie\u017c u\u017cywana z Anglii towar damsko-m\u0142odzie\u017cowy)<\/span><\/span><\/p>\n<p><a href=\"http:\/\/od24.phpegaz.pl\/wp-content\/uploads\/2014\/09\/ladies.jpg\"><img loading=\"lazy\" decoding=\"async\" data-attachment-id=\"146\" data-permalink=\"http:\/\/od24.phpegaz.pl\/?attachment_id=146\" data-orig-file=\"http:\/\/od24.phpegaz.pl\/wp-content\/uploads\/2014\/09\/ladies.jpg\" data-orig-size=\"295,354\" data-comments-opened=\"1\" data-image-meta=\"{&quot;aperture&quot;:&quot;0&quot;,&quot;credit&quot;:&quot;&quot;,&quot;camera&quot;:&quot;&quot;,&quot;caption&quot;:&quot;&quot;,&quot;created_timestamp&quot;:&quot;0&quot;,&quot;copyright&quot;:&quot;&quot;,&quot;focal_length&quot;:&quot;0&quot;,&quot;iso&quot;:&quot;0&quot;,&quot;shutter_speed&quot;:&quot;0&quot;,&quot;title&quot;:&quot;&quot;,&quot;orientation&quot;:&quot;1&quot;}\" data-image-title=\"ladies\" data-image-description=\"\" data-image-caption=\"\" data-medium-file=\"http:\/\/od24.phpegaz.pl\/wp-content\/uploads\/2014\/09\/ladies-250x300.jpg\" data-large-file=\"http:\/\/od24.phpegaz.pl\/wp-content\/uploads\/2014\/09\/ladies.jpg\" class=\"alignright wp-image-146 size-thumbnail\" src=\"http:\/\/od24.phpegaz.pl\/wp-content\/uploads\/2014\/09\/ladies-150x150.jpg\" alt=\"ladies\" width=\"150\" height=\"150\" \/><\/a><\/p>\n<p align=\"JUSTIFY\"><span style=\"color: #000000;\">Odzie\u017c u\u017cywana z Anglii -Children \u2013 (worki foliowe , waga 25kg)<\/span><\/p>\n<p align=\"JUSTIFY\"><span style=\"color: #000000;\">(Odzie\u017c dzieci\u0119ca typu cream w mix-sie )<\/span><\/p>\n<p align=\"JUSTIFY\">\n<h4 align=\"JUSTIFY\"><span style=\"color: #000000;\"><span style=\"font-family: Tahoma, Helvetica, Arial, sans-serif;\"><b>* Odzie\u017c u\u017cywana z Irlandii-Cream- (worki jutowe, waga 35\u00a0kg)<\/b><\/span><\/span><\/h4>\n<p style=\"text-align: justify;\" align=\"JUSTIFY\"><span style=\"color: #000000;\"><span style=\"font-family: Tahoma, Helvetica, Arial, sans-serif;\">&#8211; Woman Zomer(odzie\u017c u\u017cywana typu Cream, <\/span>odzie\u017c damsko-m\u0142odzie\u017cowa, cienkie materia\u0142y,<\/span><\/p>\n<p style=\"text-align: justify;\" align=\"JUSTIFY\"><span style=\"color: #000000;\"><span style=\"font-family: Tahoma, Helvetica, Arial, sans-serif;\">towar bardzo modny same lekkie rzeczy )<a href=\"http:\/\/od24.phpegaz.pl\/wp-content\/uploads\/2014\/09\/balot-irlandia.jpg\"><img loading=\"lazy\" decoding=\"async\" data-attachment-id=\"147\" data-permalink=\"http:\/\/od24.phpegaz.pl\/?attachment_id=147\" data-orig-file=\"http:\/\/od24.phpegaz.pl\/wp-content\/uploads\/2014\/09\/balot-irlandia.jpg\" data-orig-size=\"236,283\" data-comments-opened=\"1\" data-image-meta=\"{&quot;aperture&quot;:&quot;0&quot;,&quot;credit&quot;:&quot;&quot;,&quot;camera&quot;:&quot;&quot;,&quot;caption&quot;:&quot;&quot;,&quot;created_timestamp&quot;:&quot;0&quot;,&quot;copyright&quot;:&quot;&quot;,&quot;focal_length&quot;:&quot;0&quot;,&quot;iso&quot;:&quot;0&quot;,&quot;shutter_speed&quot;:&quot;0&quot;,&quot;title&quot;:&quot;&quot;,&quot;orientation&quot;:&quot;1&quot;}\" data-image-title=\"balot irlandia\" data-image-description=\"\" data-image-caption=\"\" data-medium-file=\"http:\/\/od24.phpegaz.pl\/wp-content\/uploads\/2014\/09\/balot-irlandia.jpg\" data-large-file=\"http:\/\/od24.phpegaz.pl\/wp-content\/uploads\/2014\/09\/balot-irlandia.jpg\" class=\"alignright wp-image-147 size-thumbnail\" src=\"http:\/\/od24.phpegaz.pl\/wp-content\/uploads\/2014\/09\/balot-irlandia-150x150.jpg\" alt=\"balot irlandia\" width=\"150\" height=\"150\" \/><\/a><\/span><\/span><\/p>\n<p style=\"text-align: justify;\" align=\"JUSTIFY\"><span style=\"color: #000000;\"><span style=\"font-family: Tahoma, Helvetica, Arial, sans-serif;\"><b>\u00a0<\/b><\/span><\/span><\/p>\n<p style=\"text-align: justify;\" align=\"JUSTIFY\"><span style=\"color: #000000;\"><span style=\"font-family: Tahoma, Helvetica, Arial, sans-serif;\">Children mix winter ( worki foliowe, waga 25kg )<\/span><\/span><\/p>\n<p style=\"text-align: justify;\" align=\"JUSTIFY\"><span style=\"color: #000000;\"><span style=\"font-family: Tahoma, Helvetica, Arial, sans-serif;\">( mix zimowy odzie\u017cy u\u017cywanej dzieci\u0119cej od 0 do 14 lat)<\/span><\/span><\/p>\n<p style=\"text-align: justify;\" align=\"JUSTIFY\"><span style=\"color: #000000;\"><span style=\"font-family: Tahoma, Helvetica, Arial, sans-serif;\"><b>\u00a0<\/b><\/span><\/span><\/p>\n<p style=\"text-align: justify;\" align=\"JUSTIFY\"><span style=\"color: #000000;\"><span style=\"font-family: Tahoma, Helvetica, Arial, sans-serif;\">Children mix zomer ( worki foliowe, waga 25 kg)<\/span><\/span><\/p>\n<p style=\"text-align: justify;\" align=\"JUSTIFY\"><span style=\"color: #000000;\"><span style=\"font-family: Tahoma, Helvetica, Arial, sans-serif;\">( mix letni odzie\u017cy u\u017cywanej dzieci\u0119cej od 0 do 14 lat)<\/span><\/span><\/p>\n<p style=\"text-align: justify;\" align=\"JUSTIFY\"><span style=\"color: #000000;\"><span style=\"font-family: Tahoma, Helvetica, Arial, sans-serif;\"><b>\u00a0<\/b><\/span><\/span><\/p>\n<h4 align=\"JUSTIFY\"><span style=\"color: #000000;\"><span style=\"font-family: Tahoma, Helvetica, Arial, sans-serif;\"><b>* Odzie\u017c z Irlandii typu Cream w big bagach ( waga 100-135 kg)<\/b><\/span><\/span><\/h4>\n<p align=\"JUSTIFY\"><span style=\"color: #000000;\"><span style=\"font-family: Tahoma, Helvetica, Arial, sans-serif;\"><b>\u00a0<\/b><\/span><\/span><\/p>\n<h4 align=\"JUSTIFY\"><span style=\"color: #000000;\"><span style=\"font-family: Tahoma, Helvetica, Arial, sans-serif;\"><b>* Odzie\u017c z Irlandii \u00a0w big bagach typu Euromix ( waga 90-150 kg)<\/b><\/span><\/span><\/h4>\n<p><b>\u00a0<\/b><\/p>\n<h4><span style=\"color: #000000;\">* Kurtki jesienne i zimowe<\/span><\/h4>\n<p><span style=\"color: #000000;\">\u00a0<\/span><\/p>\n<h4><span style=\"color: #000000;\">* Swetry jesienne i zimowe<\/span><\/h4>\n<p><span style=\"color: #000000;\">\u00a0<\/span><\/p>\n<h4><span style=\"color: #000000;\">* Futra sztuczne<\/span><\/h4>\n<p><span style=\"color: #000000;\">\u00a0<\/span><\/p>\n<h4 align=\"JUSTIFY\"><span style=\"color: #000000;\"><span style=\"font-family: Tahoma, Helvetica, Arial, sans-serif;\"><b>* ODZIE\u017b BUTIKOWA z W\u0141OCH:<\/b><\/span><\/span><\/h4>\n<p align=\"JUSTIFY\"><span style=\"color: #000000;\"><span style=\"font-family: Tahoma, Helvetica, Arial, sans-serif;\">&#8211; pi\u0119kny mix firmowej odzie\u017cy damsko \u2013 m\u0142odzie\u017cowej znane marki (towar jesienno- zimowy)(letni)(wiosenno-letni)<\/span><\/span><\/p>\n<p align=\"JUSTIFY\"><span style=\"color: #000000;\"><span style=\"font-family: Tahoma, Helvetica, Arial, sans-serif;\"><b>\u00a0<\/b><\/span><\/span><\/p>\n<h4 align=\"JUSTIFY\"><span style=\"color: #000000;\"><strong>* ODZIE\u017b NOWA ZNANE MARKI :<\/strong><\/span><\/h4>\n<p align=\"JUSTIFY\"><span style=\"color: #000000;\">&#8211; \u00a0towar pakowany w worki 10 kg<\/span><\/p>\n<p align=\"JUSTIFY\"><strong><span style=\"color: #000000;\">\u00a0<\/span><\/strong><\/p>\n<h4 align=\"JUSTIFY\"><span style=\"color: #000000;\"><strong>* DODATKI :<\/strong><\/span><\/h4>\n<p align=\"JUSTIFY\"><span style=\"color: #000000;\">Bi\u017cuteria pakowana w worki 5 kg<\/span><\/p>\n<p align=\"JUSTIFY\"><strong>\u00a0<\/strong><\/p>\n<p align=\"JUSTIFY\"><span style=\"color: #000000;\"><span style=\"font-family: Tahoma, Helvetica, Arial, sans-serif;\"><b>Akceptujemy p\u0142atno\u015bci got\u00f3wk\u0105 i przedp\u0142at\u0119 przelewem.<\/b><\/span><\/span><\/p>\n<p align=\"JUSTIFY\"><span style=\"color: #000000;\"><span style=\"font-family: Tahoma, Helvetica, Arial, sans-serif;\">Uwaga! Cennik nie stanowi oferty handlowej w rozumieniu art.66 par.1 K.C.<\/span><\/span><\/p>\n","protected":false},"excerpt":{"rendered":"<p>Cennik hurtowy dla sklep\u00f3w ekskluzywnej odzie\u017cy u\u017cywanej\u00a0obowi\u0105zuj\u0105cy w roku 2016 : &nbsp; * Odzie\u017c u\u017cywana ze Szwajcarii typu Cream ( waga 30-40 kg) Pi\u0119kna odzie\u017c u\u017cywana z du\u017c\u0105 ilo\u015bci\u0105 nowej znanej odzie\u017cy markowej z podzia\u0142em na asortyment : &#8211; mix odzie\u017cy damskiej i m\u0142odzie\u017cowej &#8211; mix damski XXL ( odzie\u017c damska du\u017ce rozmiary od 44 w g\u00f3r\u0119) &#8211; mix m\u0119ski &#8211; mix dzieci\u0119cy &#8211; mix sport &nbsp; * Odzie\u017c u\u017cywana z Belgii \u201d big bag\u201d( worek jutowy 60- 120 KG) Mix Cream \u00a0odzie\u017cy u\u017cywanej z Belgii w podziale na lato, przej\u015bci\u00f3wk\u0119 i zim\u0119. (damska 40%, m\u0142odzie\u017cowa 35%, dzieci\u0119ca 5 % , sportowa 10%, m\u0119ska 5%, dodatki 5%) Towar jest pi\u0119knie [&hellip;]<\/p>\n","protected":false},"author":1,"featured_media":164,"parent":0,"menu_order":0,"comment_status":"open","ping_status":"open","template":"","meta":{"_exactmetrics_skip_tracking":false,"_exactmetrics_sitenote_active":false,"_exactmetrics_sitenote_note":"","_exactmetrics_sitenote_category":0,"jetpack_post_was_ever_published":false,"footnotes":""},"class_list":["post-14","page","type-page","status-publish","has-post-thumbnail","hentry"],"aioseo_notices":[],"jetpack_sharing_enabled":true,"jetpack_shortlink":"https:\/\/wp.me\/P5S9M7-e","jetpack_likes_enabled":true,"jetpack-related-posts":[{"id":24,"url":"http:\/\/od24.phpegaz.pl\/?page_id=24","url_meta":{"origin":14,"position":0},"title":"Cennik hurtowy dla sklep\u00f3w","author":"admin","date":"26 wrze\u015bnia, 2014","format":false,"excerpt":"Cennik hurtowy dla sklep\u00f3w ekskluzywnej odzie\u017cy u\u017cywanej\u00a0obowi\u0105zuj\u0105cy w 2015 roku: Odzie\u017c u\u017cywana ze Szwajcarii typu Cream ( waga 30-40 kg) Pi\u0119kna odzie\u017c u\u017cywana z du\u017c\u0105 ilo\u015bci\u0105 nowej znanej odzie\u017cy markowej z podzia\u0142em na asortyment : - mix odzie\u017cy damskiej i m\u0142odzie\u017cowej - mix damski XXL ( odzie\u017c damska du\u017ce rozmiary\u2026","rel":"","context":"Z 9 komentarzami","block_context":{"text":"Z 9 komentarzami","link":"http:\/\/od24.phpegaz.pl\/?page_id=24#comments"},"img":{"alt_text":"belgia","src":"https:\/\/i0.wp.com\/od24.phpegaz.pl\/wp-content\/uploads\/2014\/09\/belgia-150x150.jpg?resize=350%2C200","width":350,"height":200},"classes":[]},{"id":61,"url":"http:\/\/od24.phpegaz.pl\/?page_id=61","url_meta":{"origin":14,"position":1},"title":"Jakie zyski mo\u017cna uzyska\u0107 ze sklepu?","author":"admin","date":"1 lutego, 2015","format":false,"excerpt":"[smartslider2 slider=\"1\"] Dobra lokalizacja sklepu to g\u0142\u00f3wny warunek sukcesu. Powodzenie w tym biznesie uzale\u017cnione jest od wielu czynnik\u00f3w, ale jednym z najwa\u017cniejszych jest lokal w dobrej lokalizacji. Nie sztuk\u0105 jest uruchomi\u0107 sklep z odzie\u017c\u0105 u\u017cywan\u0105 w miejscu gdzie nie b\u0119d\u0105 chodzi\u0107 ludzie, a zw\u0142aszcza kobiety i m\u0142odzie\u017c kt\u00f3rzy stanowi\u0105 wi\u0119kszo\u015b\u0107\u2026","rel":"","context":"Podobny wpis","block_context":{"text":"Podobny wpis","link":""},"img":{"alt_text":"","src":"","width":0,"height":0},"classes":[]},{"id":33,"url":"http:\/\/od24.phpegaz.pl\/?page_id=33","url_meta":{"origin":14,"position":2},"title":"Jakie zyski mo\u017cna osi\u0105gn\u0105\u0107 ze sklepu z odzie\u017c\u0105 u\u017cywan\u0105?","author":"admin","date":"26 wrze\u015bnia, 2014","format":false,"excerpt":"Dobra lokalizacja sklepu to g\u0142\u00f3wny warunek sukcesu. Powodzenie w tym biznesie uzale\u017cnione jest od wielu czynnik\u00f3w, ale jednym z najwa\u017cniejszych jest lokal w dobrej lokalizacji. Nie sztuk\u0105 jest uruchomi\u0107 sklep z odzie\u017c\u0105 u\u017cywan\u0105 w miejscu gdzie nie b\u0119d\u0105 chodzi\u0107 ludzie, a zw\u0142aszcza kobiety i m\u0142odzie\u017c kt\u00f3rzy stanowi\u0105 wi\u0119kszo\u015b\u0107 klient\u00f3w. Tak\u2026","rel":"","context":"Z 1 komentarzem","block_context":{"text":"Z 1 komentarzem","link":"http:\/\/od24.phpegaz.pl\/?page_id=33#comments"},"img":{"alt_text":"","src":"https:\/\/i0.wp.com\/od24.phpegaz.pl\/wp-content\/uploads\/2014\/10\/zyski.jpg?resize=350%2C200","width":350,"height":200},"classes":[]},{"id":39,"url":"http:\/\/od24.phpegaz.pl\/?page_id=39","url_meta":{"origin":14,"position":3},"title":"Sort, czy niesort.","author":"admin","date":"26 wrze\u015bnia, 2014","format":false,"excerpt":"Odzie\u017c sortowana,czy niesortowana? Import odzie\u017cy u\u017cywanej podzielony jest na dwie kategorie: odzie\u017c sortowana lub odzie\u017c niesortowana. R\u00f3\u017cnice s\u0105 znaczne i do\u015b\u0107 istotne, poni\u017cej przedstawiamy zalety i wady ka\u017cdej opcji. 1. Odzie\u017c sortowana \u2013 sort Zalety: - sta\u0142a jako\u015b\u0107 towaru, bez odzie\u017cy brudnej czy uszkodzonej wszystko zdezynfekowane, - mo\u017cliwo\u015b\u0107 wyboru rodzaju\u2026","rel":"","context":"Podobny wpis","block_context":{"text":"Podobny wpis","link":""},"img":{"alt_text":"","src":"","width":0,"height":0},"classes":[]},{"id":43,"url":"http:\/\/od24.phpegaz.pl\/","url_meta":{"origin":14,"position":4},"title":"Informacje o importerze-strona g\u0142\u00f3wna.","author":"admin","date":"3 pa\u017adziernika, 2014","format":false,"excerpt":"UWAGA !! Nowa strona internetowa:\u00a0 WWW.PHPEGAZ.PL Witaj na stronie Textrade \u00a0bezpo\u015bredniego importera odzie\u017cy u\u017cywanej z Unii Europejskiej. Nasza specjalno\u015b\u0107 to\u00a0odzie\u017c u\u017cywana luksusowa typu cream. Jest to odzie\u017c kt\u00f3ra dzi\u0119ki swojej jako\u015bci, niepowtarzalno\u015bci, mark\u0105 konkuruje z now\u0105 odzie\u017c\u0105. W ofercie znajd\u0105 Pa\u0144stwo towary najlepiej\u00a0sprzedawane w sklepach, lecz ich ilo\u015bci s\u0105 ograniczone.\u00a0\u2026","rel":"","context":"Z 9 komentarzami","block_context":{"text":"Z 9 komentarzami","link":"http:\/\/od24.phpegaz.pl\/#comments"},"img":{"alt_text":"SONY DSC","src":"https:\/\/i0.wp.com\/od24.phpegaz.pl\/wp-content\/uploads\/2014\/10\/ania-300x180.jpg?resize=350%2C200","width":350,"height":200},"classes":[]},{"id":30,"url":"http:\/\/od24.phpegaz.pl\/?page_id=30","url_meta":{"origin":14,"position":5},"title":"Zak\u0142adamy sklep, rejestracja, formy podatku, koszty.","author":"admin","date":"26 wrze\u015bnia, 2014","format":false,"excerpt":"Zak\u0142adamy sklep z luksusow\u0105 odzie\u017c\u0105 u\u017cywan\u0105 krok po kroku. Ka\u017cd\u0105 nowo otwieran\u0105 dzia\u0142alno\u015b\u0107 nale\u017cy przeanalizowa\u0107 i zrobi\u0107 biznes plan, policzy\u0107 koszty i wydatki oraz zyski kt\u00f3re ona nam przyniesie .Nale\u017cy post\u0119powa\u0107 racjonalnie i dok\u0142adnie przeanalizowa\u0107 swoje mo\u017cliwo\u015bci, nie kierowa\u0107 si\u0119 emocjami tylko matematyk\u0105. Na samym pocz\u0105tku musimy zrobi\u0107 kalkulacje na\u2026","rel":"","context":"Podobny wpis","block_context":{"text":"Podobny wpis","link":""},"img":{"alt_text":"","src":"","width":0,"height":0},"classes":[]}],"_links":{"self":[{"href":"http:\/\/od24.phpegaz.pl\/index.php?rest_route=\/wp\/v2\/pages\/14","targetHints":{"allow":["GET"]}}],"collection":[{"href":"http:\/\/od24.phpegaz.pl\/index.php?rest_route=\/wp\/v2\/pages"}],"about":[{"href":"http:\/\/od24.phpegaz.pl\/index.php?rest_route=\/wp\/v2\/types\/page"}],"author":[{"embeddable":true,"href":"http:\/\/od24.phpegaz.pl\/index.php?rest_route=\/wp\/v2\/users\/1"}],"replies":[{"embeddable":true,"href":"http:\/\/od24.phpegaz.pl\/index.php?rest_route=%2Fwp%2Fv2%2Fcomments&post=14"}],"version-history":[{"count":11,"href":"http:\/\/od24.phpegaz.pl\/index.php?rest_route=\/wp\/v2\/pages\/14\/revisions"}],"predecessor-version":[{"id":306,"href":"http:\/\/od24.phpegaz.pl\/index.php?rest_route=\/wp\/v2\/pages\/14\/revisions\/306"}],"wp:featuredmedia":[{"embeddable":true,"href":"http:\/\/od24.phpegaz.pl\/index.php?rest_route=\/wp\/v2\/media\/164"}],"wp:attachment":[{"href":"http:\/\/od24.phpegaz.pl\/index.php?rest_route=%2Fwp%2Fv2%2Fmedia&parent=14"}],"curies":[{"name":"wp","href":"https:\/\/api.w.org\/{rel}","templated":true}]}}